{"id":230876,"date":"2024-05-20T17:56:53","date_gmt":"2024-05-20T22:56:53","guid":{"rendered":"https:\/\/www.banbostore.com\/web\/?post_type=product&#038;p=230876"},"modified":"2024-05-20T18:04:30","modified_gmt":"2024-05-20T23:04:30","slug":"toalla-de-muselina-rainbow","status":"publish","type":"product","link":"https:\/\/www.banbostore.com\/web\/producto\/toalla-de-muselina-rainbow\/","title":{"rendered":"Toalla de Muselina Rainbow"},"content":{"rendered":"<p>Toallas en muselina perfectas para beb\u00e9s y ni\u00f1os, f\u00e1ciles de llevar a cualquier lugar, hechas en algod\u00f3n, tiene broche para ajustar la capota. El regalo ideal para los m\u00e1s peque\u00f1itos de la casa, incluye bolsa de tela para guardarla. L<strong>os env\u00edos tardan 3 a 4 d\u00edas h\u00e1biles despu\u00e9s de tu compra y son completamente gratis.\u00a0<\/strong><\/p>\n","protected":false},"excerpt":{"rendered":"<p>Toallas en muselina perfectas para beb\u00e9s y ni\u00f1os, f\u00e1ciles de llevar a cualquier lugar, hechas en algod\u00f3n, tiene broche para ajustar la capota. El regalo ideal para los m\u00e1s peque\u00f1itos de la casa, incluye bolsa de tela para guardarla. Los env\u00edos tardan 3 a 4 d\u00edas h\u00e1biles despu\u00e9s de tu compra y son completamente gratis.\u00a0<\/p>\n","protected":false},"featured_media":230877,"comment_status":"closed","ping_status":"closed","template":"","meta":{"_et_pb_use_builder":"","_et_pb_old_content":"","_et_gb_content_width":""},"product_cat":[33],"product_tag":[],"class_list":{"0":"post-230876","1":"product","2":"type-product","3":"status-publish","4":"has-post-thumbnail","6":"product_cat-muselinas","8":"first","9":"instock","10":"sold-individually","11":"shipping-taxable","12":"purchasable","13":"product-type-simple"},"jetpack_sharing_enabled":true,"_links":{"self":[{"href":"https:\/\/www.banbostore.com\/web\/wp-json\/wp\/v2\/product\/230876","targetHints":{"allow":["GET"]}}],"collection":[{"href":"https:\/\/www.banbostore.com\/web\/wp-json\/wp\/v2\/product"}],"about":[{"href":"https:\/\/www.banbostore.com\/web\/wp-json\/wp\/v2\/types\/product"}],"replies":[{"embeddable":true,"href":"https:\/\/www.banbostore.com\/web\/wp-json\/wp\/v2\/comments?post=230876"}],"wp:featuredmedia":[{"embeddable":true,"href":"https:\/\/www.banbostore.com\/web\/wp-json\/wp\/v2\/media\/230877"}],"wp:attachment":[{"href":"https:\/\/www.banbostore.com\/web\/wp-json\/wp\/v2\/media?parent=230876"}],"wp:term":[{"taxonomy":"product_cat","embeddable":true,"href":"https:\/\/www.banbostore.com\/web\/wp-json\/wp\/v2\/product_cat?post=230876"},{"taxonomy":"product_tag","embeddable":true,"href":"https:\/\/www.banbostore.com\/web\/wp-json\/wp\/v2\/product_tag?post=230876"}],"curies":[{"name":"wp","href":"https:\/\/api.w.org\/{rel}","templated":true}]}}